{"id":3,"date":"2023-12-13T19:17:17","date_gmt":"2023-12-13T19:17:17","guid":{"rendered":"https:\/\/standupdiseno.com\/?page_id=3"},"modified":"2024-02-01T18:28:34","modified_gmt":"2024-02-01T18:28:34","slug":"privacy-policy","status":"publish","type":"page","link":"https:\/\/standupdiseno.com\/index.php\/privacy-policy\/","title":{"rendered":"Politica de Privacidad"},"content":{"rendered":"\n<h2 class=\"wp-block-heading\"><\/h2>\n\n\n\n<p>La empresa\u00a0<strong>STAND UP<\/strong>\u00a0con domicilio en la calle Av. Tecnol\u00f3gico #401 Col. Solidaridad 1, Aguascalientes, Ags Declara; con fundamento en los art\u00edculos 15 y 16 de la Ley Federal de Protecci\u00f3n de Datos Personales en Posesi\u00f3n de Particulares; que es responsable de recabar los datos personales de sus clientes y clientes potenciales, del uso que le d\u00e9 a los mismos y de su protecci\u00f3n. Dichos datos son facilitados por los clientes y almacenados en una base de datos interna.<\/p>\n\n\n\n<p>La informaci\u00f3n personal que solicita&nbsp;<strong>STAND UP&nbsp;<\/strong>es la siguiente:<\/p>\n\n\n\n<ul class=\"wp-block-list\">\n<li>Nombre completo<\/li>\n\n\n\n<li>Tel\u00e9fono de oficina, extensi\u00f3n directa, celular y\/o WhatsApp<\/li>\n\n\n\n<li>Correo electr\u00f3nico<\/li>\n\n\n\n<li>RFC y datos fiscales<\/li>\n<\/ul>\n\n\n\n<p>La informaci\u00f3n personal recabada ser\u00e1 utilizada s\u00f3lo para los siguientes fines:<\/p>\n\n\n\n<ul class=\"wp-block-list\">\n<li>Facilitar su opini\u00f3n sobre nuestra calidad en el servicio, la atenci\u00f3n, el dise\u00f1o o el seguimiento brindado<\/li>\n\n\n\n<li>Informarle acerca de nuestras actualizaciones en servicios y productos, as\u00ed como avisos relacionados con la empresa<\/li>\n\n\n\n<li>Acceso r\u00e1pido a su perfil de cliente para la r\u00e1pida respuesta y presupuesto<\/li>\n\n\n\n<li>Enviar informaci\u00f3n electr\u00f3nica promocional e informativa sobre temas de su inter\u00e9s.<\/li>\n\n\n\n<li>Podr\u00edamos fusionarnos, o ser adquiridos, por otra empresa. Hasta el grado que lo permita la ley y de conformidad con las condiciones de esta pol\u00edtica de privacidad, puede que compartamos la informaci\u00f3n que poseamos sobre usted con la entidad resultante.<\/li>\n<\/ul>\n\n\n\n<p><\/p>\n\n\n\n<h2 class=\"wp-block-heading\">Uso de cookies<\/h2>\n\n\n\n<p>Los cookies son peque\u00f1as piezas de informaci\u00f3n que son enviadas por el sitio Web a su navegador; son principalmente para mejorar su navegaci\u00f3n por la web.<\/p>\n\n\n\n<p>Son archivos informativos que permiten identificarle a usted como un cliente concreto y guardar sus preferencias personales, as\u00ed como informaci\u00f3n t\u00e9cnica (n\u00famero de visitas, flujo de visitas, selecciones, omisiones y opciones ejecutadas mediante el rat\u00f3n o dispositivo equivalente). Estos archivos informativos pueden ser permanentes (es decir, se conservan en su ordenador hasta que las borre) o temporales (es decir, duran s\u00f3lo hasta que cierre su navegador).<\/p>\n\n\n\n<p>Por s\u00ed mismos, las cookies no contienen ni revelan datos personales. Sin embargo, si opta por proporcionar al sitio datos personales, los mismos pueden vincularse con los datos almacenados en las mismas.<\/p>\n\n\n\n<p>Al aceptar esta pol\u00edtica de privacidad, usted acepta expresamente nuestro uso de cookies tal como aqu\u00ed se describe. Usted puede configurar su navegador para que rechace estos archivos as\u00ed como los de cualquier otro sitio Web. Sin embargo, para acceder a ciertas \u00e1reas de nuestros sitios se deben usar cookies o dispositivos similares y usted debe tener presente que desactivarlas puede impedir el acceso a algunos de nuestros contenidos.<\/p>\n\n\n\n<h2 class=\"wp-block-heading\">Seguridad<\/h2>\n\n\n\n<p>Aunque es imposible garantizar totalmente la seguridad en Internet, le aseguramos que hemos establecido medidas de seguridad razonables, tanto t\u00e9cnicas como institucionales, para resguardar su informaci\u00f3n personal contra la manipulaci\u00f3n, p\u00e9rdida y destrucci\u00f3n accidentales o intencionadas, o la divulgaci\u00f3n y acceso no autorizados de la informaci\u00f3n que recogemos electr\u00f3nicamente. Continuaremos sustentando y mejorando estas medidas en el futuro seg\u00fan los avances legales y tecnol\u00f3gicos.<\/p>\n\n\n\n<h2 class=\"wp-block-heading\">Almacenamiento<\/h2>\n\n\n\n<p>Su informaci\u00f3n no se almacenar\u00e1 por m\u00e1s tiempo del que sea necesario para los fines descritos en esta pol\u00edtica de privacidad.<\/p>\n\n\n\n<h2 class=\"wp-block-heading\">Sus Derechos<\/h2>\n\n\n\n<p>Para acceder a los datos personales que hemos recogido mediante este sitio web, cancelar, corregir o actualizar, puede enviarnos un correo electr\u00f3nico a&nbsp;<a href=\"mailto:pgarcia@expomex.com\"><strong>direccion@standupdiseno.com<\/strong><\/a>&nbsp;para brindarle la atenci\u00f3n que usted merece. Adem\u00e1s, siempre le daremos la oportunidad de actualizar sus preferencias sobre el uso de su informaci\u00f3n. Para resguardar su privacidad y seguridad, tomaremos medidas razonables para verificar su identidad antes de otorgarle la informaci\u00f3n.<\/p>\n\n\n\n<p>Si tiene preguntas adicionales sobre sus datos personales almacenados por nosotros es necesario que env\u00ede la solicitud en los t\u00e9rminos que marca la Ley en su Art. 29 al correo\u00a0<a href=\"mailto:pgarcia@expomex.com\"><strong>direccion@standupdiseno.com<\/strong><\/a><\/p>\n\n\n\n<p>Es importante recordarle que usted tiene derecho al Acceso, Rectificaci\u00f3n y Cancelaci\u00f3n de sus datos personales, a Oponerse al tratamiento de los mismos o a revocar el consentimiento que para dicho fin nos haya otorgado.<\/p>\n\n\n\n<p><\/p>\n\n\n\n<h2 class=\"wp-block-heading\">Cambios a nuestra Pol\u00edtica de Privacidad<\/h2>\n\n\n\n<p>Si decidimos modificar nuestra pol\u00edtica de privacidad, los cambios se publicar\u00e1n en el sitio web\u00a0<strong><a href=\"https:\/\/standupdiseno.com\/\">www.standupdiseno.com<\/a><\/strong>\u00a0para que siempre pueda conocer la versi\u00f3n m\u00e1s reciente. Por favor visite esta p\u00e1gina de forma regular.<\/p>\n\n\n\n<p>No utilizaremos ni comunicaremos los datos personales que usted nos proporcione seg\u00fan esta pol\u00edtica de privacidad, en formas distintas a lo estipulado en este documento sin informarle y darle la oportunidad a que autorice dichas condiciones modificadas sobre el uso y comunicaci\u00f3n de sus datos.<\/p>\n\n\n\n<h2 class=\"wp-block-heading\">Contacto STAND UP<\/h2>\n\n\n\n<p>Si tiene alguna consulta o comentario sobre esta pol\u00edtica de privacidad, no dude en comunicarse con nosotros al correo electr\u00f3nico\u00a0<strong><a href=\"mailto:pgarcia@expomex.com\"><strong>direccion@standupdiseno.com<\/strong><\/a><\/strong>\u00a0o en\u00a0<strong>STAND UP<\/strong>, Av. Tecnol\u00f3gico #401 Col. Solidaridad 1, Aguascalientes, Ags  CP. 20020. Tel:\u00a0<strong>(449) 457-9759<\/strong>.<\/p>\n\n\n\n<p>En caso de que no desee de recibir mensajes promocionales de nuestra parte, puede enviarnos su solicitud al correo\u00a0<a href=\"mailto:pgarcia@expomex.com\"><strong>direccion@standupdiseno.com<\/strong><\/a><\/p>\n\n\n\n<p><\/p>\n","protected":false},"excerpt":{"rendered":"<p>La empresa\u00a0STAND UP\u00a0con domicilio en la calle Av. Tecnol\u00f3gico #401 Col. Solidaridad 1, Aguascalientes, Ags Declara; con fundamento en los art\u00edculos 15 y 16 de la Ley Federal de Protecci\u00f3n de Datos Personales en Posesi\u00f3n de Particulares; que es responsable de recabar los datos personales de sus clientes y clientes [&hellip;]<\/p>\n","protected":false},"author":1,"featured_media":0,"parent":0,"menu_order":0,"comment_status":"closed","ping_status":"open","template":"","meta":{"footnotes":""},"class_list":["post-3","page","type-page","status-publish","hentry"],"featured_media_urls":[],"_links":{"self":[{"href":"https:\/\/standupdiseno.com\/index.php\/wp-json\/wp\/v2\/pages\/3","targetHints":{"allow":["GET"]}}],"collection":[{"href":"https:\/\/standupdiseno.com\/index.php\/wp-json\/wp\/v2\/pages"}],"about":[{"href":"https:\/\/standupdiseno.com\/index.php\/wp-json\/wp\/v2\/types\/page"}],"author":[{"embeddable":true,"href":"https:\/\/standupdiseno.com\/index.php\/wp-json\/wp\/v2\/users\/1"}],"replies":[{"embeddable":true,"href":"https:\/\/standupdiseno.com\/index.php\/wp-json\/wp\/v2\/comments?post=3"}],"version-history":[{"count":4,"href":"https:\/\/standupdiseno.com\/index.php\/wp-json\/wp\/v2\/pages\/3\/revisions"}],"predecessor-version":[{"id":957,"href":"https:\/\/standupdiseno.com\/index.php\/wp-json\/wp\/v2\/pages\/3\/revisions\/957"}],"wp:attachment":[{"href":"https:\/\/standupdiseno.com\/index.php\/wp-json\/wp\/v2\/media?parent=3"}],"curies":[{"name":"wp","href":"https:\/\/api.w.org\/{rel}","templated":true}]}}